{"id":89,"date":"2018-02-05T13:04:30","date_gmt":"2018-02-05T12:04:30","guid":{"rendered":"http:\/\/onlinecongress.sem-2000.it\/?page_id=89"},"modified":"2023-02-14T13:11:53","modified_gmt":"2023-02-14T12:11:53","slug":"sem-abstract","status":"publish","type":"page","link":"https:\/\/www.sem-2000.it\/index.php\/software\/sem-abstract\/","title":{"rendered":"<div class=\"container\"><div class=\"col-xs-12 col-md-12\"> <div class=\"col-xs-12 col-sm-2 col-md-2 col-lg-2\" style=\"text-align:left;padding:0px\"><img src=\"\/images\/sem_abstract.jpg\"><\/div> <div class=\"col-xs-12 col-sm-8 col-md-6 col-lg-6 flex-container\" style=\"height:133px\">Gestione abstract e programma scientifico<\/div> <div class=\"col-xs-12 col-sm-2 col-md-4 col-lg-4\"><\/div><\/div><\/div>"},"content":{"rendered":"<div id=\"fb-root\"><\/div>\r\n<div class=\"container\">\n<div class=\"col-xs-12 col-sm-10 col-md-8 col-lg-8\" style=\"text-align: justify;\">Software per gestire il congresso scientifico, supporta la segreteria scientifica dalla raccolta e valutazione abstract, alla creazione del programma, fino alla pubblicazione degli atti.&nbsp;<\/p>\n<p>SEMabstract archivia e cataloga per parole chiave i lavori ricevuti, ne uniforma l&#8217;aspetto e lo stile, li distribuisce ai reviewer, suggerisce la sessione pi\u00f9 adatta per la loro presentazione e gestisce le comunicazioni con gli autori, i relatori ed i reviewer.<br \/>\nStruttura i <span class=\"spanBigger\">contenuti scientifici<\/span> del congresso perch\u00e8 siano velocemente consultabili e fruibili, in un unico documento ipertestuale pronto per la tipografia, per la pubblicazione on line o per la duplicazione su qualsiasi supporto. Propone l&#8217;articolazione del <span class=\"spanBigger\">programma scientifico<\/span> abbinando i contenuti alle sessioni tematiche di pertinenza.<\/p>\n<p>Principali caratteristiche: utilizzo simultaneo da parte di pi\u00f9 utenti, possibilit\u00e0 di gestire contemporaneamente un numero illimitato d&#8217;iniziative, trasferimento dei dati nei pi\u00f9 comuni formati (Word, Excel), accesso semplice ed intuitivo alle informazioni contenute con funzionalit\u00e0 di filtro e ricerca.<\/p>\n<p>L&#8217;integrazione con il servizio SEMweb consente la raccolta automatica di abstract, mettendo direttamente in relazione gli autori, la segreteria scientifica ed i reviewers per la valutazione, tutto supportato da procedura on line. La standardizzazione delle modalit\u00e0 di lavoro e del flusso di comunicazione, garantisce un ottimo livello di efficienza, rapidit\u00e0 e risparmio delle risorse.<\/p>\n<p><a href=\"\/index.php\/abstracts\"><button class=\"btn btn-lg btn-default\" style=\"font-weight: normal;background-color:#E5D400\" type=\"button\">Visualizza alcuni delle nostre raccolte abstracts <\/button><\/a>\n<\/div>\n<div class=\"col-xs-12 col-sm-2 col-md-4 col-lg-4\"><img decoding=\"async\" src=\"\/images\/semAbstract.jpg\" alt=\"SEMAbstracts - Raccolta lavori scientifici\"><\/div>\n<p>&nbsp;<\/p>\n<\/div>\n","protected":false},"excerpt":{"rendered":"<p>Software per gestire il congresso scientifico, supporta la segreteria scientifica dalla raccolta e valutazione abstract, alla creazione del programma, fino alla pubblicazione degli atti.&nbsp; SEMabstract archivia e cataloga per parole chiave i lavori ricevuti, ne uniforma l&#8217;aspetto e lo stile, li distribuisce ai reviewer, suggerisce la sessione pi\u00f9 adatta per la loro presentazione e gestisce &hellip; <\/p>\n<p class=\"link-more\"><a href=\"https:\/\/www.sem-2000.it\/index.php\/software\/sem-abstract\/\" class=\"more-link\">Leggi tutto<span class=\"screen-reader-text\"> &#8220;<\/p>\n<div class=\"container\">\n<div class=\"col-xs-12 col-md-12\">\n<div class=\"col-xs-12 col-sm-2 col-md-2 col-lg-2\" style=\"text-align:left;padding:0px\"><img decoding=\"async\" src=\"\/images\/sem_abstract.jpg\"><\/div>\n<div class=\"col-xs-12 col-sm-8 col-md-6 col-lg-6 flex-container\" style=\"height:133px\">Gestione abstract e programma scientifico<\/div>\n<div class=\"col-xs-12 col-sm-2 col-md-4 col-lg-4\"><\/div>\n<\/div>\n<\/div>\n<p>&#8220;<\/span><\/a><\/p>\n","protected":false},"author":1,"featured_media":0,"parent":357,"menu_order":0,"comment_status":"closed","ping_status":"closed","template":"","meta":[],"yoast_head":"<!-- This site is optimized with the Yoast SEO plugin v20.1 - https:\/\/yoast.com\/wordpress\/plugins\/seo\/ -->\r\n<title>Gestione abstract, programma scientifico, libro degli atti<\/title>\r\n<meta name=\"description\" content=\"Software per gestire il congresso scientifico, dalla raccolta e valutazione abstract, alla creazione del programma, fino alla pubblicazione degli atti. Struttura i contenuti in un unico documento ipertestuale pronto per qualsiasi tipo di riproduzione.\" \/>\r\n<meta name=\"robots\" content=\"index, follow, max-snippet:-1, max-image-preview:large, max-video-preview:-1\" \/>\r\n<link rel=\"canonical\" href=\"https:\/\/www.sem-2000.it\/index.php\/software\/sem-abstract\/\" \/>\r\n<meta property=\"og:locale\" content=\"it_IT\" \/>\r\n<meta property=\"og:type\" content=\"article\" \/>\r\n<meta property=\"og:title\" content=\"Gestione abstract, programma scientifico, libro degli atti\" \/>\r\n<meta property=\"og:description\" content=\"Software per gestire il congresso scientifico, dalla raccolta e valutazione abstract, alla creazione del programma, fino alla pubblicazione degli atti. Struttura i contenuti in un unico documento ipertestuale pronto per qualsiasi tipo di riproduzione.\" \/>\r\n<meta property=\"og:url\" content=\"https:\/\/www.sem-2000.it\/index.php\/software\/sem-abstract\/\" \/>\r\n<meta property=\"og:site_name\" content=\"SEM2000\" \/>\r\n<meta property=\"article:publisher\" content=\"https:\/\/www.facebook.com\/SEMEVENT\" \/>\r\n<meta property=\"article:modified_time\" content=\"2023-02-14T12:11:53+00:00\" \/>\r\n<meta name=\"twitter:card\" content=\"summary_large_image\" \/>\r\n<meta name=\"twitter:site\" content=\"@SEM2000software\" \/>\r\n<meta name=\"twitter:label1\" content=\"Tempo di lettura stimato\" \/>\n\t<meta name=\"twitter:data1\" content=\"2 minuti\" \/>\r\n<script type=\"application\/ld+json\" class=\"yoast-schema-graph\">{\"@context\":\"https:\/\/schema.org\",\"@graph\":[{\"@type\":\"WebPage\",\"@id\":\"https:\/\/www.sem-2000.it\/index.php\/software\/sem-abstract\/\",\"url\":\"https:\/\/www.sem-2000.it\/index.php\/software\/sem-abstract\/\",\"name\":\"Gestione abstract, programma scientifico, libro degli atti\",\"isPartOf\":{\"@id\":\"https:\/\/www.sem-2000.it\/#website\"},\"datePublished\":\"2018-02-05T12:04:30+00:00\",\"dateModified\":\"2023-02-14T12:11:53+00:00\",\"description\":\"Software per gestire il congresso scientifico, dalla raccolta e valutazione abstract, alla creazione del programma, fino alla pubblicazione degli atti. Struttura i contenuti in un unico documento ipertestuale pronto per qualsiasi tipo di riproduzione.\",\"breadcrumb\":{\"@id\":\"https:\/\/www.sem-2000.it\/index.php\/software\/sem-abstract\/#breadcrumb\"},\"inLanguage\":\"it-IT\",\"potentialAction\":[{\"@type\":\"ReadAction\",\"target\":[\"https:\/\/www.sem-2000.it\/index.php\/software\/sem-abstract\/\"]}]},{\"@type\":\"BreadcrumbList\",\"@id\":\"https:\/\/www.sem-2000.it\/index.php\/software\/sem-abstract\/#breadcrumb\",\"itemListElement\":[{\"@type\":\"ListItem\",\"position\":1,\"name\":\"Home\",\"item\":\"https:\/\/www.sem-2000.it\/\"},{\"@type\":\"ListItem\",\"position\":2,\"name\":\"Software e servizi\",\"item\":\"https:\/\/www.sem-2000.it\/index.php\/software\/\"},{\"@type\":\"ListItem\",\"position\":3,\"name\":\"Gestione abstract e programma scientifico\"}]},{\"@type\":\"WebSite\",\"@id\":\"https:\/\/www.sem-2000.it\/#website\",\"url\":\"https:\/\/www.sem-2000.it\/\",\"name\":\"SEM2000\",\"description\":\"Events Management Software\",\"publisher\":{\"@id\":\"https:\/\/www.sem-2000.it\/#organization\"},\"potentialAction\":[{\"@type\":\"SearchAction\",\"target\":{\"@type\":\"EntryPoint\",\"urlTemplate\":\"https:\/\/www.sem-2000.it\/?s={search_term_string}\"},\"query-input\":\"required name=search_term_string\"}],\"inLanguage\":\"it-IT\"},{\"@type\":\"Organization\",\"@id\":\"https:\/\/www.sem-2000.it\/#organization\",\"name\":\"SEM2000\",\"url\":\"https:\/\/www.sem-2000.it\/\",\"logo\":{\"@type\":\"ImageObject\",\"inLanguage\":\"it-IT\",\"@id\":\"https:\/\/www.sem-2000.it\/#\/schema\/logo\/image\/\",\"url\":\"https:\/\/www.sem-2000.it\/wp-content\/uploads\/2018\/02\/cropped-logosemSOLO-1-1.png\",\"contentUrl\":\"https:\/\/www.sem-2000.it\/wp-content\/uploads\/2018\/02\/cropped-logosemSOLO-1-1.png\",\"width\":498,\"height\":250,\"caption\":\"SEM2000\"},\"image\":{\"@id\":\"https:\/\/www.sem-2000.it\/#\/schema\/logo\/image\/\"},\"sameAs\":[\"https:\/\/www.facebook.com\/SEMEVENT\",\"https:\/\/twitter.com\/SEM2000software\",\"https:\/\/www.linkedin.com\/company\/sem2000\/\"]}]}<\/script>\r\n<!-- \/ Yoast SEO plugin. -->","yoast_head_json":{"title":"Gestione abstract, programma scientifico, libro degli atti","description":"Software per gestire il congresso scientifico, dalla raccolta e valutazione abstract, alla creazione del programma, fino alla pubblicazione degli atti. Struttura i contenuti in un unico documento ipertestuale pronto per qualsiasi tipo di riproduzione.","robots":{"index":"index","follow":"follow","max-snippet":"max-snippet:-1","max-image-preview":"max-image-preview:large","max-video-preview":"max-video-preview:-1"},"canonical":"https:\/\/www.sem-2000.it\/index.php\/software\/sem-abstract\/","og_locale":"it_IT","og_type":"article","og_title":"Gestione abstract, programma scientifico, libro degli atti","og_description":"Software per gestire il congresso scientifico, dalla raccolta e valutazione abstract, alla creazione del programma, fino alla pubblicazione degli atti. Struttura i contenuti in un unico documento ipertestuale pronto per qualsiasi tipo di riproduzione.","og_url":"https:\/\/www.sem-2000.it\/index.php\/software\/sem-abstract\/","og_site_name":"SEM2000","article_publisher":"https:\/\/www.facebook.com\/SEMEVENT","article_modified_time":"2023-02-14T12:11:53+00:00","twitter_card":"summary_large_image","twitter_site":"@SEM2000software","twitter_misc":{"Tempo di lettura stimato":"2 minuti"},"schema":{"@context":"https:\/\/schema.org","@graph":[{"@type":"WebPage","@id":"https:\/\/www.sem-2000.it\/index.php\/software\/sem-abstract\/","url":"https:\/\/www.sem-2000.it\/index.php\/software\/sem-abstract\/","name":"Gestione abstract, programma scientifico, libro degli atti","isPartOf":{"@id":"https:\/\/www.sem-2000.it\/#website"},"datePublished":"2018-02-05T12:04:30+00:00","dateModified":"2023-02-14T12:11:53+00:00","description":"Software per gestire il congresso scientifico, dalla raccolta e valutazione abstract, alla creazione del programma, fino alla pubblicazione degli atti. Struttura i contenuti in un unico documento ipertestuale pronto per qualsiasi tipo di riproduzione.","breadcrumb":{"@id":"https:\/\/www.sem-2000.it\/index.php\/software\/sem-abstract\/#breadcrumb"},"inLanguage":"it-IT","potentialAction":[{"@type":"ReadAction","target":["https:\/\/www.sem-2000.it\/index.php\/software\/sem-abstract\/"]}]},{"@type":"BreadcrumbList","@id":"https:\/\/www.sem-2000.it\/index.php\/software\/sem-abstract\/#breadcrumb","itemListElement":[{"@type":"ListItem","position":1,"name":"Home","item":"https:\/\/www.sem-2000.it\/"},{"@type":"ListItem","position":2,"name":"Software e servizi","item":"https:\/\/www.sem-2000.it\/index.php\/software\/"},{"@type":"ListItem","position":3,"name":"Gestione abstract e programma scientifico"}]},{"@type":"WebSite","@id":"https:\/\/www.sem-2000.it\/#website","url":"https:\/\/www.sem-2000.it\/","name":"SEM2000","description":"Events Management Software","publisher":{"@id":"https:\/\/www.sem-2000.it\/#organization"},"potentialAction":[{"@type":"SearchAction","target":{"@type":"EntryPoint","urlTemplate":"https:\/\/www.sem-2000.it\/?s={search_term_string}"},"query-input":"required name=search_term_string"}],"inLanguage":"it-IT"},{"@type":"Organization","@id":"https:\/\/www.sem-2000.it\/#organization","name":"SEM2000","url":"https:\/\/www.sem-2000.it\/","logo":{"@type":"ImageObject","inLanguage":"it-IT","@id":"https:\/\/www.sem-2000.it\/#\/schema\/logo\/image\/","url":"https:\/\/www.sem-2000.it\/wp-content\/uploads\/2018\/02\/cropped-logosemSOLO-1-1.png","contentUrl":"https:\/\/www.sem-2000.it\/wp-content\/uploads\/2018\/02\/cropped-logosemSOLO-1-1.png","width":498,"height":250,"caption":"SEM2000"},"image":{"@id":"https:\/\/www.sem-2000.it\/#\/schema\/logo\/image\/"},"sameAs":["https:\/\/www.facebook.com\/SEMEVENT","https:\/\/twitter.com\/SEM2000software","https:\/\/www.linkedin.com\/company\/sem2000\/"]}]}},"_links":{"self":[{"href":"https:\/\/www.sem-2000.it\/index.php\/wp-json\/wp\/v2\/pages\/89"}],"collection":[{"href":"https:\/\/www.sem-2000.it\/index.php\/wp-json\/wp\/v2\/pages"}],"about":[{"href":"https:\/\/www.sem-2000.it\/index.php\/wp-json\/wp\/v2\/types\/page"}],"author":[{"embeddable":true,"href":"https:\/\/www.sem-2000.it\/index.php\/wp-json\/wp\/v2\/users\/1"}],"replies":[{"embeddable":true,"href":"https:\/\/www.sem-2000.it\/index.php\/wp-json\/wp\/v2\/comments?post=89"}],"version-history":[{"count":17,"href":"https:\/\/www.sem-2000.it\/index.php\/wp-json\/wp\/v2\/pages\/89\/revisions"}],"predecessor-version":[{"id":4341,"href":"https:\/\/www.sem-2000.it\/index.php\/wp-json\/wp\/v2\/pages\/89\/revisions\/4341"}],"up":[{"embeddable":true,"href":"https:\/\/www.sem-2000.it\/index.php\/wp-json\/wp\/v2\/pages\/357"}],"wp:attachment":[{"href":"https:\/\/www.sem-2000.it\/index.php\/wp-json\/wp\/v2\/media?parent=89"}],"curies":[{"name":"wp","href":"https:\/\/api.w.org\/{rel}","templated":true}]}}