{"id":613,"date":"2018-02-13T14:54:07","date_gmt":"2018-02-13T13:54:07","guid":{"rendered":"http:\/\/onlinecongress.sem-2000.it\/?page_id=613"},"modified":"2021-06-07T15:19:50","modified_gmt":"2021-06-07T13:19:50","slug":"punti-di-forza","status":"publish","type":"page","link":"https:\/\/www.sem-2000.it\/index.php\/punti-di-forza\/","title":{"rendered":"PUNTI DI FORZA"},"content":{"rendered":"<div id=\"fb-root\"><\/div>\r\n<div class=\"container colorGrey\">\n<div class=\"col-xs-12 col-sm-10 col-md-8 col-lg-8\" style=\"text-align: justify;\">\n<ul>\n<li><span class=\"spanBigger\">conoscenza verticale del settore di riferimento<\/span><br \/>\npluriennale esperienza esclusivamente nel settore degli eventi,15 anni di consulenza al fianco dei nostri clienti, una soluzione software che risolve problemi di molteplici realt\u00e0<\/li>\n<li><span class=\"spanBigger\">realt\u00e0 giovane e dinamica<\/span><br \/>\nsviluppiamo soluzioni informatiche con rigore e creativit\u00e0<\/li>\n<li><span class=\"spanBigger\">soluzioni per tutti i processi gestionali degli eventi<\/span><br \/>\nsoftware e sistemi integrati, pensati per incrementare le performances dei clienti ed il raggiungimento dei loro obiettivi<\/li>\n<li><span class=\"spanBigger\">integrazione e dialogo<\/span><br \/>\nintegrazioni con sistemi di posta elettronica, programmi di contabilit\u00e0 e di agenzia viaggi, CRS e strumenti Office<\/li>\n<li><span class=\"spanBigger\">flessibilit\u00e0 e semplicit\u00e0<\/span><br \/>\nsoluzioni semplici e flessibili che aderiscono alle caratteristiche di ogni evento<\/li>\n<li><span class=\"spanBigger\">applicazioni sempre aggiornate<\/span><br \/>\nal passo con la tecnologia, la soluzione SEM2000 supporta servizi in cloud, tablet e connessioni remote<\/li>\n<li><span class=\"spanBigger\">sicurezza dei dati<\/span><br \/>\ncoerenza dei dati grazie ed un controllo efficace delle informazioni gestite, manutenzione dei dati tramite funzioni automatiche di aggiornamento, ricalcolo ed allineamento, sicurezza della qualit\u00e0 e della salvaguardia delle informazioni<\/li>\n<li><span class=\"spanBigger\">assistenza immediata<\/span><br \/>\nservizio di consulenza e assistenza rapido, efficace ed accurato, ci facciamo carico delle esigenze del cliente per trovare insieme la soluzione ottimale<\/li>\n<li><span class=\"spanBigger\">formazione efficace<\/span><br \/>\napproccio orientato all&#8217;operativit\u00e0 per affiancare i clienti nella simulazione di loro casi reali per ottenere i migliori risultati dagli strumenti SEM2000<\/li>\n<li><span class=\"spanBigger\">prezzi competitivi<\/span><br \/>\nofferte contenute per soluzioni di grande qualit\u00e0 ed efficacia. Grazie alla rete dei nostri clienti a cui \u00e8 distribuita la stessa release dei software, aggiorniamo e miglioriamo costantemente i nostri prodotti, senza incidere con costi aggiuntivi di customizzazione o assistenza sul singolo cliente.<\/li>\n<\/ul>\n<\/div>\n<div class=\"col-xs-12 col-sm-2 col-md-4 col-lg-4\"><img decoding=\"async\" src=\"\/images\/PuntiForza.jpg\" alt=\"soluzioni, processi gestionali, eventi, software personalizzato\"><\/div>\n<\/div>\n","protected":false},"excerpt":{"rendered":"<p>conoscenza verticale del settore di riferimento pluriennale esperienza esclusivamente nel settore degli eventi,15 anni di consulenza al fianco dei nostri clienti, una soluzione software che risolve problemi di molteplici realt\u00e0 realt\u00e0 giovane e dinamica sviluppiamo soluzioni informatiche con rigore e creativit\u00e0 soluzioni per tutti i processi gestionali degli eventi software e sistemi integrati, pensati per &hellip; <\/p>\n<p class=\"link-more\"><a href=\"https:\/\/www.sem-2000.it\/index.php\/punti-di-forza\/\" class=\"more-link\">Leggi tutto<span class=\"screen-reader-text\"> &#8220;PUNTI DI FORZA&#8221;<\/span><\/a><\/p>\n","protected":false},"author":1,"featured_media":0,"parent":0,"menu_order":0,"comment_status":"closed","ping_status":"closed","template":"","meta":[],"yoast_head":"<!-- This site is optimized with the Yoast SEO plugin v20.1 - https:\/\/yoast.com\/wordpress\/plugins\/seo\/ -->\r\n<title>Software Gestione congressi, eventi ECM, meeting, congressi scientifici<\/title>\r\n<meta name=\"description\" content=\"sem2000 events management software - software per gestione eventi e congressi, soluzioni per tutti i processi gestionali degli eventi, servizio di consulenza e assistenza rapido, efficace ed accurato\" \/>\r\n<meta name=\"robots\" content=\"index, follow, max-snippet:-1, max-image-preview:large, max-video-preview:-1\" \/>\r\n<link rel=\"canonical\" href=\"https:\/\/www.sem-2000.it\/index.php\/punti-di-forza\/\" \/>\r\n<meta property=\"og:locale\" content=\"it_IT\" \/>\r\n<meta property=\"og:type\" content=\"article\" \/>\r\n<meta property=\"og:title\" content=\"Software Gestione congressi, eventi ECM, meeting, congressi scientifici\" \/>\r\n<meta property=\"og:description\" content=\"sem2000 events management software - software per gestione eventi e congressi, soluzioni per tutti i processi gestionali degli eventi, servizio di consulenza e assistenza rapido, efficace ed accurato\" \/>\r\n<meta property=\"og:url\" content=\"https:\/\/www.sem-2000.it\/index.php\/punti-di-forza\/\" \/>\r\n<meta property=\"og:site_name\" content=\"SEM2000\" \/>\r\n<meta property=\"article:publisher\" content=\"https:\/\/www.facebook.com\/SEMEVENT\" \/>\r\n<meta property=\"article:modified_time\" content=\"2021-06-07T13:19:50+00:00\" \/>\r\n<meta name=\"twitter:card\" content=\"summary_large_image\" \/>\r\n<meta name=\"twitter:site\" content=\"@SEM2000software\" \/>\r\n<meta name=\"twitter:label1\" content=\"Tempo di lettura stimato\" \/>\n\t<meta name=\"twitter:data1\" content=\"2 minuti\" \/>\r\n<script type=\"application\/ld+json\" class=\"yoast-schema-graph\">{\"@context\":\"https:\/\/schema.org\",\"@graph\":[{\"@type\":\"WebPage\",\"@id\":\"https:\/\/www.sem-2000.it\/index.php\/punti-di-forza\/\",\"url\":\"https:\/\/www.sem-2000.it\/index.php\/punti-di-forza\/\",\"name\":\"Software Gestione congressi, eventi ECM, meeting, congressi scientifici\",\"isPartOf\":{\"@id\":\"https:\/\/www.sem-2000.it\/#website\"},\"datePublished\":\"2018-02-13T13:54:07+00:00\",\"dateModified\":\"2021-06-07T13:19:50+00:00\",\"description\":\"sem2000 events management software - software per gestione eventi e congressi, soluzioni per tutti i processi gestionali degli eventi, servizio di consulenza e assistenza rapido, efficace ed accurato\",\"breadcrumb\":{\"@id\":\"https:\/\/www.sem-2000.it\/index.php\/punti-di-forza\/#breadcrumb\"},\"inLanguage\":\"it-IT\",\"potentialAction\":[{\"@type\":\"ReadAction\",\"target\":[\"https:\/\/www.sem-2000.it\/index.php\/punti-di-forza\/\"]}]},{\"@type\":\"BreadcrumbList\",\"@id\":\"https:\/\/www.sem-2000.it\/index.php\/punti-di-forza\/#breadcrumb\",\"itemListElement\":[{\"@type\":\"ListItem\",\"position\":1,\"name\":\"Home\",\"item\":\"https:\/\/www.sem-2000.it\/\"},{\"@type\":\"ListItem\",\"position\":2,\"name\":\"PUNTI DI FORZA\"}]},{\"@type\":\"WebSite\",\"@id\":\"https:\/\/www.sem-2000.it\/#website\",\"url\":\"https:\/\/www.sem-2000.it\/\",\"name\":\"SEM2000\",\"description\":\"Events Management Software\",\"publisher\":{\"@id\":\"https:\/\/www.sem-2000.it\/#organization\"},\"potentialAction\":[{\"@type\":\"SearchAction\",\"target\":{\"@type\":\"EntryPoint\",\"urlTemplate\":\"https:\/\/www.sem-2000.it\/?s={search_term_string}\"},\"query-input\":\"required name=search_term_string\"}],\"inLanguage\":\"it-IT\"},{\"@type\":\"Organization\",\"@id\":\"https:\/\/www.sem-2000.it\/#organization\",\"name\":\"SEM2000\",\"url\":\"https:\/\/www.sem-2000.it\/\",\"logo\":{\"@type\":\"ImageObject\",\"inLanguage\":\"it-IT\",\"@id\":\"https:\/\/www.sem-2000.it\/#\/schema\/logo\/image\/\",\"url\":\"https:\/\/www.sem-2000.it\/wp-content\/uploads\/2018\/02\/cropped-logosemSOLO-1-1.png\",\"contentUrl\":\"https:\/\/www.sem-2000.it\/wp-content\/uploads\/2018\/02\/cropped-logosemSOLO-1-1.png\",\"width\":498,\"height\":250,\"caption\":\"SEM2000\"},\"image\":{\"@id\":\"https:\/\/www.sem-2000.it\/#\/schema\/logo\/image\/\"},\"sameAs\":[\"https:\/\/www.facebook.com\/SEMEVENT\",\"https:\/\/twitter.com\/SEM2000software\",\"https:\/\/www.linkedin.com\/company\/sem2000\/\"]}]}<\/script>\r\n<!-- \/ Yoast SEO plugin. -->","yoast_head_json":{"title":"Software Gestione congressi, eventi ECM, meeting, congressi scientifici","description":"sem2000 events management software - software per gestione eventi e congressi, soluzioni per tutti i processi gestionali degli eventi, servizio di consulenza e assistenza rapido, efficace ed accurato","robots":{"index":"index","follow":"follow","max-snippet":"max-snippet:-1","max-image-preview":"max-image-preview:large","max-video-preview":"max-video-preview:-1"},"canonical":"https:\/\/www.sem-2000.it\/index.php\/punti-di-forza\/","og_locale":"it_IT","og_type":"article","og_title":"Software Gestione congressi, eventi ECM, meeting, congressi scientifici","og_description":"sem2000 events management software - software per gestione eventi e congressi, soluzioni per tutti i processi gestionali degli eventi, servizio di consulenza e assistenza rapido, efficace ed accurato","og_url":"https:\/\/www.sem-2000.it\/index.php\/punti-di-forza\/","og_site_name":"SEM2000","article_publisher":"https:\/\/www.facebook.com\/SEMEVENT","article_modified_time":"2021-06-07T13:19:50+00:00","twitter_card":"summary_large_image","twitter_site":"@SEM2000software","twitter_misc":{"Tempo di lettura stimato":"2 minuti"},"schema":{"@context":"https:\/\/schema.org","@graph":[{"@type":"WebPage","@id":"https:\/\/www.sem-2000.it\/index.php\/punti-di-forza\/","url":"https:\/\/www.sem-2000.it\/index.php\/punti-di-forza\/","name":"Software Gestione congressi, eventi ECM, meeting, congressi scientifici","isPartOf":{"@id":"https:\/\/www.sem-2000.it\/#website"},"datePublished":"2018-02-13T13:54:07+00:00","dateModified":"2021-06-07T13:19:50+00:00","description":"sem2000 events management software - software per gestione eventi e congressi, soluzioni per tutti i processi gestionali degli eventi, servizio di consulenza e assistenza rapido, efficace ed accurato","breadcrumb":{"@id":"https:\/\/www.sem-2000.it\/index.php\/punti-di-forza\/#breadcrumb"},"inLanguage":"it-IT","potentialAction":[{"@type":"ReadAction","target":["https:\/\/www.sem-2000.it\/index.php\/punti-di-forza\/"]}]},{"@type":"BreadcrumbList","@id":"https:\/\/www.sem-2000.it\/index.php\/punti-di-forza\/#breadcrumb","itemListElement":[{"@type":"ListItem","position":1,"name":"Home","item":"https:\/\/www.sem-2000.it\/"},{"@type":"ListItem","position":2,"name":"PUNTI DI FORZA"}]},{"@type":"WebSite","@id":"https:\/\/www.sem-2000.it\/#website","url":"https:\/\/www.sem-2000.it\/","name":"SEM2000","description":"Events Management Software","publisher":{"@id":"https:\/\/www.sem-2000.it\/#organization"},"potentialAction":[{"@type":"SearchAction","target":{"@type":"EntryPoint","urlTemplate":"https:\/\/www.sem-2000.it\/?s={search_term_string}"},"query-input":"required name=search_term_string"}],"inLanguage":"it-IT"},{"@type":"Organization","@id":"https:\/\/www.sem-2000.it\/#organization","name":"SEM2000","url":"https:\/\/www.sem-2000.it\/","logo":{"@type":"ImageObject","inLanguage":"it-IT","@id":"https:\/\/www.sem-2000.it\/#\/schema\/logo\/image\/","url":"https:\/\/www.sem-2000.it\/wp-content\/uploads\/2018\/02\/cropped-logosemSOLO-1-1.png","contentUrl":"https:\/\/www.sem-2000.it\/wp-content\/uploads\/2018\/02\/cropped-logosemSOLO-1-1.png","width":498,"height":250,"caption":"SEM2000"},"image":{"@id":"https:\/\/www.sem-2000.it\/#\/schema\/logo\/image\/"},"sameAs":["https:\/\/www.facebook.com\/SEMEVENT","https:\/\/twitter.com\/SEM2000software","https:\/\/www.linkedin.com\/company\/sem2000\/"]}]}},"_links":{"self":[{"href":"https:\/\/www.sem-2000.it\/index.php\/wp-json\/wp\/v2\/pages\/613"}],"collection":[{"href":"https:\/\/www.sem-2000.it\/index.php\/wp-json\/wp\/v2\/pages"}],"about":[{"href":"https:\/\/www.sem-2000.it\/index.php\/wp-json\/wp\/v2\/types\/page"}],"author":[{"embeddable":true,"href":"https:\/\/www.sem-2000.it\/index.php\/wp-json\/wp\/v2\/users\/1"}],"replies":[{"embeddable":true,"href":"https:\/\/www.sem-2000.it\/index.php\/wp-json\/wp\/v2\/comments?post=613"}],"version-history":[{"count":18,"href":"https:\/\/www.sem-2000.it\/index.php\/wp-json\/wp\/v2\/pages\/613\/revisions"}],"predecessor-version":[{"id":4040,"href":"https:\/\/www.sem-2000.it\/index.php\/wp-json\/wp\/v2\/pages\/613\/revisions\/4040"}],"wp:attachment":[{"href":"https:\/\/www.sem-2000.it\/index.php\/wp-json\/wp\/v2\/media?parent=613"}],"curies":[{"name":"wp","href":"https:\/\/api.w.org\/{rel}","templated":true}]}}